{"id":22,"date":"2026-03-13T04:25:23","date_gmt":"2026-03-13T04:25:23","guid":{"rendered":"https:\/\/bavaromagazinenet-130b396.ingress-daribow.ewp.live\/?page_id=22"},"modified":"2026-03-13T04:56:57","modified_gmt":"2026-03-13T04:56:57","slug":"acerca-de-nosotros","status":"publish","type":"page","link":"https:\/\/bavaromagazinenet-130b396.ingress-daribow.ewp.live\/?page_id=22","title":{"rendered":"Acerca de Nosotros"},"content":{"rendered":"<p>En B\u00e1varo Magazine celebramos la esencia del Caribe y su proyecci\u00f3n al mundo. Somos una plataforma visionaria dedicada al branding, la organizaci\u00f3n de eventos exclusivos y la promoci\u00f3n art\u00edstica, tur\u00edstica y cultural, potenciando cada proyecto a trav\u00e9s del marketing digital y estrategias innovadoras que conectan con audiencias globales.<!--more--><br \/>\nAdem\u00e1s, ofrecemos un espacio informativo din\u00e1mico con noticias locales e internacionales, as\u00ed como cobertura deportiva, fortaleciendo nuestra misi\u00f3n de ser un referente integral en comunicaci\u00f3n, entretenimiento y cultura.<\/p>\n<p>Nuestro compromiso es crear experiencias memorables que fortalezcan marcas y comunidades, fusionando creatividad, profesionalismo y transparencia en cada detalle. Con m\u00e1s de una d\u00e9cada de trayectoria, seguimos evolucionando para ofrecer propuestas \u00fanicas que reflejen sofisticaci\u00f3n y cercan\u00eda, posicionando a B\u00e1varo Magazine como un medio l\u00edder en Punta Cana y m\u00e1s all\u00e1.<\/p>\n","protected":false},"excerpt":{"rendered":"<p>En B\u00e1varo Magazine celebramos la esencia del Caribe y su proyecci\u00f3n al mundo. Somos una plataforma visionaria dedicada al branding, la organizaci\u00f3n de eventos exclusivos y la promoci\u00f3n art\u00edstica, tur\u00edstica&hellip;<\/p>\n","protected":false},"author":1,"featured_media":0,"parent":0,"menu_order":0,"comment_status":"closed","ping_status":"closed","template":"","meta":{"footnotes":""},"class_list":["post-22","page","type-page","status-publish","hentry"],"_links":{"self":[{"href":"https:\/\/bavaromagazinenet-130b396.ingress-daribow.ewp.live\/index.php?rest_route=\/wp\/v2\/pages\/22","targetHints":{"allow":["GET"]}}],"collection":[{"href":"https:\/\/bavaromagazinenet-130b396.ingress-daribow.ewp.live\/index.php?rest_route=\/wp\/v2\/pages"}],"about":[{"href":"https:\/\/bavaromagazinenet-130b396.ingress-daribow.ewp.live\/index.php?rest_route=\/wp\/v2\/types\/page"}],"author":[{"embeddable":true,"href":"https:\/\/bavaromagazinenet-130b396.ingress-daribow.ewp.live\/index.php?rest_route=\/wp\/v2\/users\/1"}],"replies":[{"embeddable":true,"href":"https:\/\/bavaromagazinenet-130b396.ingress-daribow.ewp.live\/index.php?rest_route=%2Fwp%2Fv2%2Fcomments&post=22"}],"version-history":[{"count":2,"href":"https:\/\/bavaromagazinenet-130b396.ingress-daribow.ewp.live\/index.php?rest_route=\/wp\/v2\/pages\/22\/revisions"}],"predecessor-version":[{"id":26,"href":"https:\/\/bavaromagazinenet-130b396.ingress-daribow.ewp.live\/index.php?rest_route=\/wp\/v2\/pages\/22\/revisions\/26"}],"wp:attachment":[{"href":"https:\/\/bavaromagazinenet-130b396.ingress-daribow.ewp.live\/index.php?rest_route=%2Fwp%2Fv2%2Fmedia&parent=22"}],"curies":[{"name":"wp","href":"https:\/\/api.w.org\/{rel}","templated":true}]}}