{"id":18,"date":"2026-03-13T04:25:06","date_gmt":"2026-03-13T04:25:06","guid":{"rendered":"https:\/\/bavaromagazinenet-130b396.ingress-daribow.ewp.live\/?page_id=18"},"modified":"2026-03-13T04:57:36","modified_gmt":"2026-03-13T04:57:36","slug":"politicas-de-privacidad","status":"publish","type":"page","link":"https:\/\/bavaromagazinenet-130b396.ingress-daribow.ewp.live\/?page_id=18","title":{"rendered":"Pol\u00edticas de privacidad"},"content":{"rendered":"<p>En B\u00e1varo Magazine respetamos y protegemos la privacidad de nuestros usuarios. Nos comprometemos a no vender, ceder ni compartir con terceros la informaci\u00f3n personal que se recoja a trav\u00e9s de nuestros servicios.<!--more--><br \/>\nAl utilizar nuestro sitio web y servicios, el usuario acepta nuestros t\u00e9rminos y condiciones, as\u00ed como el uso de sus datos \u00fanicamente con fines anal\u00edticos y estad\u00edsticos internos.<!--more--><br \/>\nNos reservamos el derecho de gestionar cualquier fallo t\u00e9cnico de la plataforma y no nos hacemos responsables de opiniones de terceros ni de informaciones de car\u00e1cter p\u00fablico que circulen en medios externos. Al navegar por nuestro sitio, el usuario reconoce que B\u00e1varo Magazine queda exonerado de cualquier demanda o perjuicio derivado de contenidos de acceso libre en la esfera p\u00fablica.<!--more--><br \/>\nNo obstante, los usuarios tienen derecho a contactarnos para solicitar la revisi\u00f3n de cualquier informaci\u00f3n publicada que consideren inapropiada. B\u00e1varo Magazine evaluar\u00e1 cada solicitud y, en caso de que la informaci\u00f3n provenga de terceros, se verificar\u00e1 su veracidad antes de decidir sobre su retiro. La empresa se reserva el derecho de mantener o retirar dicha informaci\u00f3n, siempre bajo el principio de comunicar la verdad y regirse por la veracidad de los datos publicados.<\/p>\n","protected":false},"excerpt":{"rendered":"<p>En B\u00e1varo Magazine respetamos y protegemos la privacidad de nuestros usuarios. Nos comprometemos a no vender, ceder ni compartir con terceros la informaci\u00f3n personal que se recoja a trav\u00e9s de&hellip;<\/p>\n","protected":false},"author":1,"featured_media":0,"parent":0,"menu_order":0,"comment_status":"closed","ping_status":"closed","template":"","meta":{"footnotes":""},"class_list":["post-18","page","type-page","status-publish","hentry"],"_links":{"self":[{"href":"https:\/\/bavaromagazinenet-130b396.ingress-daribow.ewp.live\/index.php?rest_route=\/wp\/v2\/pages\/18","targetHints":{"allow":["GET"]}}],"collection":[{"href":"https:\/\/bavaromagazinenet-130b396.ingress-daribow.ewp.live\/index.php?rest_route=\/wp\/v2\/pages"}],"about":[{"href":"https:\/\/bavaromagazinenet-130b396.ingress-daribow.ewp.live\/index.php?rest_route=\/wp\/v2\/types\/page"}],"author":[{"embeddable":true,"href":"https:\/\/bavaromagazinenet-130b396.ingress-daribow.ewp.live\/index.php?rest_route=\/wp\/v2\/users\/1"}],"replies":[{"embeddable":true,"href":"https:\/\/bavaromagazinenet-130b396.ingress-daribow.ewp.live\/index.php?rest_route=%2Fwp%2Fv2%2Fcomments&post=18"}],"version-history":[{"count":2,"href":"https:\/\/bavaromagazinenet-130b396.ingress-daribow.ewp.live\/index.php?rest_route=\/wp\/v2\/pages\/18\/revisions"}],"predecessor-version":[{"id":27,"href":"https:\/\/bavaromagazinenet-130b396.ingress-daribow.ewp.live\/index.php?rest_route=\/wp\/v2\/pages\/18\/revisions\/27"}],"wp:attachment":[{"href":"https:\/\/bavaromagazinenet-130b396.ingress-daribow.ewp.live\/index.php?rest_route=%2Fwp%2Fv2%2Fmedia&parent=18"}],"curies":[{"name":"wp","href":"https:\/\/api.w.org\/{rel}","templated":true}]}}