{"id":16,"date":"2026-03-13T04:24:53","date_gmt":"2026-03-13T04:24:53","guid":{"rendered":"https:\/\/bavaromagazinenet-130b396.ingress-daribow.ewp.live\/?page_id=16"},"modified":"2026-03-13T04:30:29","modified_gmt":"2026-03-13T04:30:29","slug":"publicidad","status":"publish","type":"page","link":"https:\/\/bavaromagazinenet-130b396.ingress-daribow.ewp.live\/?page_id=16","title":{"rendered":"Publicidad"},"content":{"rendered":"<p>En B\u00e1varo Magazine ofrecemos espacios estrat\u00e9gicos de publicidad para marcas, empresas y proyectos que deseen conectar con audiencias locales e internacionales. Nuestro enfoque combina creatividad, innovaci\u00f3n y marketing digital para garantizar que cada campa\u00f1a tenga el impacto deseado.<!--more--><br \/>\nLa publicidad en nuestro medio se integra de manera org\u00e1nica con contenidos art\u00edsticos, tur\u00edsticos, culturales, deportivos y de actualidad, asegurando visibilidad en un entorno confiable y de alta credibilidad.<!--more--><br \/>\nNos reservamos el derecho de aceptar o rechazar campa\u00f1as publicitarias que no est\u00e9n alineadas con nuestros valores editoriales y con la veracidad de la informaci\u00f3n que comunicamos. Todas las propuestas se eval\u00faan bajo criterios de transparencia, \u00e9tica y responsabilidad, garantizando que nuestros usuarios reciban mensajes claros y relevantes.<br \/>\nPara m\u00e1s informaci\u00f3n sobre tarifas, paquetes y colaboraciones, puede escribirnos a:<\/p>\n<p>bavaromagazine01@gmail.com<\/p>\n<p>+1 (829) 767-4713<\/p>\n","protected":false},"excerpt":{"rendered":"<p>En B\u00e1varo Magazine ofrecemos espacios estrat\u00e9gicos de publicidad para marcas, empresas y proyectos que deseen conectar con audiencias locales e internacionales. Nuestro enfoque combina creatividad, innovaci\u00f3n y marketing digital para&hellip;<\/p>\n","protected":false},"author":1,"featured_media":0,"parent":0,"menu_order":0,"comment_status":"closed","ping_status":"closed","template":"","meta":{"footnotes":""},"class_list":["post-16","page","type-page","status-publish","hentry"],"_links":{"self":[{"href":"https:\/\/bavaromagazinenet-130b396.ingress-daribow.ewp.live\/index.php?rest_route=\/wp\/v2\/pages\/16","targetHints":{"allow":["GET"]}}],"collection":[{"href":"https:\/\/bavaromagazinenet-130b396.ingress-daribow.ewp.live\/index.php?rest_route=\/wp\/v2\/pages"}],"about":[{"href":"https:\/\/bavaromagazinenet-130b396.ingress-daribow.ewp.live\/index.php?rest_route=\/wp\/v2\/types\/page"}],"author":[{"embeddable":true,"href":"https:\/\/bavaromagazinenet-130b396.ingress-daribow.ewp.live\/index.php?rest_route=\/wp\/v2\/users\/1"}],"replies":[{"embeddable":true,"href":"https:\/\/bavaromagazinenet-130b396.ingress-daribow.ewp.live\/index.php?rest_route=%2Fwp%2Fv2%2Fcomments&post=16"}],"version-history":[{"count":2,"href":"https:\/\/bavaromagazinenet-130b396.ingress-daribow.ewp.live\/index.php?rest_route=\/wp\/v2\/pages\/16\/revisions"}],"predecessor-version":[{"id":24,"href":"https:\/\/bavaromagazinenet-130b396.ingress-daribow.ewp.live\/index.php?rest_route=\/wp\/v2\/pages\/16\/revisions\/24"}],"wp:attachment":[{"href":"https:\/\/bavaromagazinenet-130b396.ingress-daribow.ewp.live\/index.php?rest_route=%2Fwp%2Fv2%2Fmedia&parent=16"}],"curies":[{"name":"wp","href":"https:\/\/api.w.org\/{rel}","templated":true}]}}